{"id":38,"date":"2025-03-19T13:01:19","date_gmt":"2025-03-19T12:01:19","guid":{"rendered":"https:\/\/vela-transport.com\/?page_id=38"},"modified":"2025-09-30T18:10:18","modified_gmt":"2025-09-30T16:10:18","slug":"contact","status":"publish","type":"page","link":"https:\/\/vela-transport.com\/fr\/contact\/","title":{"rendered":"Contact"},"content":{"rendered":"\r\n<div\r\n        class=\"block-wrapper classic \"\r\n>\r\n        \r\n    <div class=\"wrapper normal\">\r\n        <div class=\"acf-innerblocks-container\"><\/div>\r\n    <\/div>\r\n<\/div>\r\n\n\n\r\n<div\r\n    id=\"footer-contact\"    class=\"block-section fullwidth full-height  \"\r\n            style=\"background-image: url(https:\/\/vela-transport.com\/wp-content\/uploads\/2025\/03\/bateau_gabartphoto-1.webp);\"\r\n    >\r\n        <div class=\"overlay\" style=\"background-color: rgba(37,57,111,0.2)\"><\/div>\r\n    <div class=\"wrapper\">\r\n        <div class=\"inner-content\">\r\n            <div class=\"acf-innerblocks-container\">\n\n<div style=\"height:20px\" aria-hidden=\"true\" class=\"wp-block-spacer\"><\/div>\n\n\n\n<h3 class=\"wp-block-heading has-text-align-center mb-0 has-ubuntu-font-family\">Vous avez<\/h3>\n\n\n\n<h3 class=\"wp-block-heading has-text-align-center mt-0 has-vela-2-color has-text-color has-link-color wp-elements-c89a8a2e4cfe7ab505071f09b502f037\">une demande?<\/h3>\n\n\n\n<div style=\"height:50px\" aria-hidden=\"true\" class=\"wp-block-spacer space-type-3\"><\/div>\n\n\n\r\n<div\r\n        class=\"block-wrapper blur \"\r\n>\r\n        \r\n    <div class=\"wrapper fullwidth\">\r\n        <div class=\"acf-innerblocks-container\">\n\n<div class=\"forminator-guttenberg\"><div class=\"forminator-ui forminator-custom-form forminator-custom-form-351 forminator-design--material  forminator_ajax\" data-forminator-render=\"0\" data-form=\"forminator-module-351\" data-uid=\"69eb95e4601af\"><br\/><\/div><form\n\t\t\t\tid=\"forminator-module-351\"\n\t\t\t\tclass=\"forminator-ui forminator-custom-form forminator-custom-form-351 forminator-design--material  forminator_ajax\"\n\t\t\t\tmethod=\"post\"\n\t\t\t\tdata-forminator-render=\"0\"\n\t\t\t\tdata-form-id=\"351\"\n\t\t\t\t\n\t\t\t\tdata-design=\"material\"\n\t\t\t\t\n\t\t\t\t\n\t\t\t\t\n\t\t\t\tdata-grid=\"open\"\n\t\t\t\t\n\t\t\t\t\n\t\t\t\tstyle=\"display: none;\"\n\t\t\t\t\n\t\t\t\tdata-uid=\"69eb95e4601af\"\n\t\t\t><div role=\"alert\" aria-live=\"polite\" class=\"forminator-response-message forminator-error\" aria-hidden=\"true\"><\/div><div class=\"forminator-row\"><div id=\"name-1\" class=\"forminator-field-name forminator-col forminator-col-12 \"><div class=\"forminator-field\"><label for=\"forminator-field-name-1_69eb95e4601af\" id=\"forminator-field-name-1_69eb95e4601af-label\" class=\"forminator-label\">Nom \/ Pr\u00e9nom <span class=\"forminator-required\">*<\/span><\/label><input type=\"text\" name=\"name-1\" value=\"\" placeholder=\"\" id=\"forminator-field-name-1_69eb95e4601af\" class=\"forminator-input forminator-name--field\" aria-required=\"true\" \/><\/div><\/div><\/div><div class=\"forminator-row\"><div id=\"email-1\" class=\"forminator-field-email forminator-col forminator-col-6 \"><div class=\"forminator-field\"><label for=\"forminator-field-email-1_69eb95e4601af\" id=\"forminator-field-email-1_69eb95e4601af-label\" class=\"forminator-label\">Email <span class=\"forminator-required\">*<\/span><\/label><input type=\"email\" name=\"email-1\" value=\"\" placeholder=\"\" id=\"forminator-field-email-1_69eb95e4601af\" class=\"forminator-input forminator-email--field\" data-required=\"true\" aria-required=\"true\" \/><\/div><\/div><div id=\"text-1\" class=\"forminator-field-text forminator-col forminator-col-6 \"><div class=\"forminator-field\"><label for=\"forminator-field-text-1_69eb95e4601af\" id=\"forminator-field-text-1_69eb95e4601af-label\" class=\"forminator-label\">Entreprise<\/label><input type=\"text\" name=\"text-1\" value=\"\" placeholder=\"\" id=\"forminator-field-text-1_69eb95e4601af\" class=\"forminator-input forminator-name--field\" data-required=\"\" \/><\/div><\/div><\/div><div class=\"forminator-row\"><div id=\"textarea-1\" class=\"forminator-field-textarea forminator-col forminator-col-12 \"><div class=\"forminator-field\"><label for=\"forminator-field-textarea-1_69eb95e4601af\" id=\"forminator-field-textarea-1_69eb95e4601af-label\" class=\"forminator-label\">Message<\/label><textarea name=\"textarea-1\" placeholder=\"Saisissez votre message\u2026\" id=\"forminator-field-textarea-1_69eb95e4601af\" class=\"forminator-textarea\" rows=\"6\" style=\"min-height:55px;\" ><\/textarea><\/div><\/div><\/div><div class=\"forminator-row\"><div id=\"consent-1\" class=\"forminator-field-consent forminator-col forminator-col-12 \"><div class=\"forminator-field\"><div class=\"forminator-checkbox__wrapper\"><label id=\"forminator-field-consent-1_69eb95e4601af__label\" class=\"forminator-checkbox forminator-consent\" aria-labelledby=\"forminator-field-consent-1_69eb95e4601af-label\" aria-hidden=\"true\"><input type=\"checkbox\" name=\"consent-1\" id=\"forminator-field-consent-1_69eb95e4601af\" value=\"checked\" aria-labelledby=\"forminator-field-consent-1_69eb95e4601af-label\" aria-describedby=\"forminator-field-consent-1_69eb95e4601af__description\" data-required=\"true\" aria-required=\"true\" \/><span class=\"forminator-checkbox-box\" aria-hidden=\"true\"><\/span><\/label><div id=\"forminator-field-consent-1_69eb95e4601af__description\" class=\"forminator-checkbox__label forminator-consent__label\"><p>J'accepte que les informations saisies soient exploit\u00e9es dans le cadre d'une relation commerciale.<\/p><\/div><\/div><\/div><\/div><\/div><input type=\"hidden\" name=\"referer_url\" value=\"\" \/><div class=\"forminator-row forminator-row-last\"><div class=\"forminator-col\"><div class=\"forminator-field\"><button class=\"forminator-button forminator-button-submit\"><span>Contacter VELA<\/span><span aria-hidden=\"true\"><\/span><\/button><\/div><\/div><\/div><input type=\"hidden\" id=\"forminator_nonce\" name=\"forminator_nonce\" value=\"21a283ae17\" \/><input type=\"hidden\" name=\"_wp_http_referer\" value=\"\/fr\/wp-json\/wp\/v2\/pages\/38\" \/><input type=\"hidden\" name=\"form_id\" value=\"351\"><input type=\"hidden\" name=\"page_id\" value=\"38\"><input type=\"hidden\" name=\"form_type\" value=\"default\"><input type=\"hidden\" name=\"current_url\" value=\"https:\/\/vela-transport.com\/fr\/contact\/\"><input type=\"hidden\" name=\"render_id\" value=\"0\"><input type=\"hidden\" name=\"action\" value=\"forminator_submit_form_custom-forms\"><label for=\"input_6\" class=\"forminator-hidden\" aria-hidden=\"true\">Veuillez ne pas remplir ce champ. <input id=\"input_6\" type=\"text\" name=\"input_6\" value=\"\" autocomplete=\"off\"><\/label><\/form><\/div>\n\n<\/div>\r\n    <\/div>\r\n<\/div>\r\n\n\n\n<div style=\"height:50px\" aria-hidden=\"true\" class=\"wp-block-spacer space-type-3\"><\/div>\n\n<\/div>\r\n        <\/div>\r\n    <\/div>\r\n<\/div>\r\n","protected":false},"excerpt":{"rendered":"","protected":false},"author":1,"featured_media":0,"parent":0,"menu_order":0,"comment_status":"closed","ping_status":"closed","template":"","meta":{"_acf_changed":false,"footnotes":""},"class_list":["post-38","page","type-page","status-publish","hentry"],"acf":[],"yoast_head":"<!-- This site is optimized with the Yoast SEO plugin v26.4 - https:\/\/yoast.com\/wordpress\/plugins\/seo\/ -->\n<title>Contact \u2014 Entrer en relation pour votre transporteur maritime<\/title>\n<meta name=\"description\" content=\"Vous avez une question ou un projet de transport maritime ? Contactez notre \u00e9quipe VELA pour \u00e9changer sur vos besoins et recevoir une r\u00e9ponse rapide.\" \/>\n<meta name=\"robots\" content=\"index, follow, max-snippet:-1, max-image-preview:large, max-video-preview:-1\" \/>\n<link rel=\"canonical\" href=\"https:\/\/vela-transport.com\/fr\/contact\/\" \/>\n<meta property=\"og:locale\" content=\"fr_FR\" \/>\n<meta property=\"og:type\" content=\"article\" \/>\n<meta property=\"og:title\" content=\"Contact \u2014 Entrer en relation pour votre transporteur maritime\" \/>\n<meta property=\"og:description\" content=\"Vous avez une question ou un projet de transport maritime ? Contactez notre \u00e9quipe VELA pour \u00e9changer sur vos besoins et recevoir une r\u00e9ponse rapide.\" \/>\n<meta property=\"og:url\" content=\"https:\/\/vela-transport.com\/fr\/contact\/\" \/>\n<meta property=\"og:site_name\" content=\"VELA\" \/>\n<meta property=\"article:modified_time\" content=\"2025-09-30T16:10:18+00:00\" \/>\n<meta name=\"twitter:card\" content=\"summary_large_image\" \/>\n<script type=\"application\/ld+json\" class=\"yoast-schema-graph\">{\"@context\":\"https:\/\/schema.org\",\"@graph\":[{\"@type\":\"WebPage\",\"@id\":\"https:\/\/vela-transport.com\/fr\/contact\/\",\"url\":\"https:\/\/vela-transport.com\/fr\/contact\/\",\"name\":\"Contact \u2014 Entrer en relation pour votre transporteur maritime\",\"isPartOf\":{\"@id\":\"https:\/\/vela-transport.com\/fr\/#website\"},\"datePublished\":\"2025-03-19T12:01:19+00:00\",\"dateModified\":\"2025-09-30T16:10:18+00:00\",\"description\":\"Vous avez une question ou un projet de transport maritime ? Contactez notre \u00e9quipe VELA pour \u00e9changer sur vos besoins et recevoir une r\u00e9ponse rapide.\",\"breadcrumb\":{\"@id\":\"https:\/\/vela-transport.com\/fr\/contact\/#breadcrumb\"},\"inLanguage\":\"fr-FR\",\"potentialAction\":[{\"@type\":\"ReadAction\",\"target\":[\"https:\/\/vela-transport.com\/fr\/contact\/\"]}]},{\"@type\":\"BreadcrumbList\",\"@id\":\"https:\/\/vela-transport.com\/fr\/contact\/#breadcrumb\",\"itemListElement\":[{\"@type\":\"ListItem\",\"position\":1,\"name\":\"Accueil\",\"item\":\"https:\/\/vela-transport.com\/fr\/\"},{\"@type\":\"ListItem\",\"position\":2,\"name\":\"Contact\"}]},{\"@type\":\"WebSite\",\"@id\":\"https:\/\/vela-transport.com\/fr\/#website\",\"url\":\"https:\/\/vela-transport.com\/fr\/\",\"name\":\"VELA\",\"description\":\"L\u2019avion des mers\",\"potentialAction\":[{\"@type\":\"SearchAction\",\"target\":{\"@type\":\"EntryPoint\",\"urlTemplate\":\"https:\/\/vela-transport.com\/fr\/?s={search_term_string}\"},\"query-input\":{\"@type\":\"PropertyValueSpecification\",\"valueRequired\":true,\"valueName\":\"search_term_string\"}}],\"inLanguage\":\"fr-FR\"}]}<\/script>\n<!-- \/ Yoast SEO plugin. -->","yoast_head_json":{"title":"Contact \u2014 Entrer en relation pour votre transporteur maritime","description":"Vous avez une question ou un projet de transport maritime ? Contactez notre \u00e9quipe VELA pour \u00e9changer sur vos besoins et recevoir une r\u00e9ponse rapide.","robots":{"index":"index","follow":"follow","max-snippet":"max-snippet:-1","max-image-preview":"max-image-preview:large","max-video-preview":"max-video-preview:-1"},"canonical":"https:\/\/vela-transport.com\/fr\/contact\/","og_locale":"fr_FR","og_type":"article","og_title":"Contact \u2014 Entrer en relation pour votre transporteur maritime","og_description":"Vous avez une question ou un projet de transport maritime ? Contactez notre \u00e9quipe VELA pour \u00e9changer sur vos besoins et recevoir une r\u00e9ponse rapide.","og_url":"https:\/\/vela-transport.com\/fr\/contact\/","og_site_name":"VELA","article_modified_time":"2025-09-30T16:10:18+00:00","twitter_card":"summary_large_image","schema":{"@context":"https:\/\/schema.org","@graph":[{"@type":"WebPage","@id":"https:\/\/vela-transport.com\/fr\/contact\/","url":"https:\/\/vela-transport.com\/fr\/contact\/","name":"Contact \u2014 Entrer en relation pour votre transporteur maritime","isPartOf":{"@id":"https:\/\/vela-transport.com\/fr\/#website"},"datePublished":"2025-03-19T12:01:19+00:00","dateModified":"2025-09-30T16:10:18+00:00","description":"Vous avez une question ou un projet de transport maritime ? Contactez notre \u00e9quipe VELA pour \u00e9changer sur vos besoins et recevoir une r\u00e9ponse rapide.","breadcrumb":{"@id":"https:\/\/vela-transport.com\/fr\/contact\/#breadcrumb"},"inLanguage":"fr-FR","potentialAction":[{"@type":"ReadAction","target":["https:\/\/vela-transport.com\/fr\/contact\/"]}]},{"@type":"BreadcrumbList","@id":"https:\/\/vela-transport.com\/fr\/contact\/#breadcrumb","itemListElement":[{"@type":"ListItem","position":1,"name":"Accueil","item":"https:\/\/vela-transport.com\/fr\/"},{"@type":"ListItem","position":2,"name":"Contact"}]},{"@type":"WebSite","@id":"https:\/\/vela-transport.com\/fr\/#website","url":"https:\/\/vela-transport.com\/fr\/","name":"VELA","description":"L\u2019avion des mers","potentialAction":[{"@type":"SearchAction","target":{"@type":"EntryPoint","urlTemplate":"https:\/\/vela-transport.com\/fr\/?s={search_term_string}"},"query-input":{"@type":"PropertyValueSpecification","valueRequired":true,"valueName":"search_term_string"}}],"inLanguage":"fr-FR"}]}},"_links":{"self":[{"href":"https:\/\/vela-transport.com\/fr\/wp-json\/wp\/v2\/pages\/38","targetHints":{"allow":["GET"]}}],"collection":[{"href":"https:\/\/vela-transport.com\/fr\/wp-json\/wp\/v2\/pages"}],"about":[{"href":"https:\/\/vela-transport.com\/fr\/wp-json\/wp\/v2\/types\/page"}],"author":[{"embeddable":true,"href":"https:\/\/vela-transport.com\/fr\/wp-json\/wp\/v2\/users\/1"}],"replies":[{"embeddable":true,"href":"https:\/\/vela-transport.com\/fr\/wp-json\/wp\/v2\/comments?post=38"}],"version-history":[{"count":9,"href":"https:\/\/vela-transport.com\/fr\/wp-json\/wp\/v2\/pages\/38\/revisions"}],"predecessor-version":[{"id":1353,"href":"https:\/\/vela-transport.com\/fr\/wp-json\/wp\/v2\/pages\/38\/revisions\/1353"}],"wp:attachment":[{"href":"https:\/\/vela-transport.com\/fr\/wp-json\/wp\/v2\/media?parent=38"}],"curies":[{"name":"wp","href":"https:\/\/api.w.org\/{rel}","templated":true}]}}