{"id":40,"date":"2025-03-19T13:01:32","date_gmt":"2025-03-19T12:01:32","guid":{"rendered":"https:\/\/vela-transport.com\/?page_id=40"},"modified":"2025-09-30T18:09:33","modified_gmt":"2025-09-30T16:09:33","slug":"faq","status":"publish","type":"page","link":"https:\/\/vela-transport.com\/fr\/faq\/","title":{"rendered":"FAQ"},"content":{"rendered":"\r\n<div\r\n    class=\"block-masterhead style_1  bottom-gradient\"\r\n            style=\"background-image: url(https:\/\/vela-transport.com\/wp-content\/uploads\/2025\/03\/VELA_TOP_LANDSCAPE-1-1.webp);\"\r\n    >\r\n        <div class=\"overlay\" style=\"background-color: rgba(37,57,111,0.3)\"><\/div>\r\n    <div class=\"wrapper\">\r\n        <div class=\"inner-content\">\r\n            <div class=\"acf-innerblocks-container\">\n\n<h2 class=\"wp-block-heading has-white-color has-text-color has-link-color has-ubuntu-font-family wp-elements-0c522144741e6d6173d09eaa27a9b3da\" style=\"font-style:italic;font-weight:700\">Le Trimaran Vela :<\/h2>\n\n\n\n<h2 class=\"wp-block-heading has-vela-2-color has-text-color has-link-color wp-elements-807e5eae096c4738c83d9525304881cc\">quelles sont les possiblit\u00e9s ?<\/h2>\n\n\n\n<p>Retrouvez ici les questions les plus fr\u00e9quentes<\/p>\n\n\n\r\n<div class=\"text-initial\" style=\"\">\r\n\r\n    <a href=\"#footer-contact\" target=\"_self\" class=\"btn btn-outline-secondary  \">\r\n        J\u2019ai une autre question                    <svg width=\"24\" height=\"24\" viewBox=\"0 0 24 24\" fill=\"none\" xmlns=\"http:\/\/www.w3.org\/2000\/svg\">\n<path d=\"M5 12H19M19 12L13 6M19 12L13 18\" stroke=\"currentColor\" stroke-width=\"1.5\" stroke-linecap=\"round\" stroke-linejoin=\"round\"\/>\n<\/svg>\n            <\/a>\r\n\r\n<\/div>\r\n\n\n\n<div style=\"height:120px\" aria-hidden=\"true\" class=\"wp-block-spacer\"><\/div>\n\n<\/div>\r\n        <\/div>\r\n    <\/div>\r\n\r\n    <\/div>\r\n<a id=\"under-masterhead\"><\/a>\r\n\n\n\r\n<div\r\n        class=\"block-wrapper classic negative-margin-3\"\r\n>\r\n        \r\n    <div class=\"wrapper normal\">\r\n        <div class=\"acf-innerblocks-container\">\n\r\n<div class=\"block-faq-container \" data-controller=\"faq\">\r\n                        <div class=\"faq-question-answer\">\r\n                <div class=\"faq-question\" data-action=\"click-&gt;faq#toggle\">\r\n                    Pourquoi la palette et pas le container ?\u00a0                <\/div>\r\n                <div class=\"faq-answer\">\r\n                    <div class=\"faq-answer-inner\">\r\n                        <div class=\"wp-block-pb-accordion-item c-accordion__item js-accordion-item is-read is-open\" data-initially-open=\"false\" data-click-to-close=\"true\" data-auto-close=\"true\" data-scroll=\"false\" data-scroll-offset=\"0\">\n<h4 id=\"at-870\" class=\"c-accordion__title js-accordion-controller\" tabindex=\"0\" role=\"button\" aria-controls=\"ac-870\" aria-expanded=\"true\"><span style=\"font-size: initial; font-family: Ubuntu, sans-serif;\">Le conteneur domine le secteur du transport de marchandise depuis maintenant une cinquantaine d\u2019ann\u00e9es.<\/span><\/h4>\n<div id=\"ac-870\" class=\"c-accordion__content\">\n<p class=\"font-weight-400 has-text-color\">Ce choix a \u00e9t\u00e9 fait initialement pour des raisons \u00e9conomiques mais avec un impact \u00e9cologique important, comme pour le fret a\u00e9rien.<\/p>\n<ul class=\"has-text-color wp-block-list\">\n<li class=\"font-weight-400\"><strong>IMPACT :\u00a0<\/strong>la masse des conteneurs (3 tonnes chacun) repr\u00e9sente plus de 20% de ce qui est transport\u00e9 sur un porte conteneur vs. 2% en \u00e9quivalent palettes (25kg chacune). Le transport en format palette permet de ne transporter uniquement la marchandise sans surpoids. Ne pas utiliser de conteneur fait \u00e9conomiser 200 kg \/ palette. Autant d\u2019\u00e9missions de CO2 \u00e9vitables.<\/li>\n<\/ul>\n<ul class=\"has-text-color wp-block-list\">\n<li class=\"font-weight-400\"><strong>STANDARD :\u00a0<\/strong>nous transportons pour vous votre marchandise comme elle a \u00e9t\u00e9 pr\u00e9par\u00e9 dans votre entrep\u00f4t au format EU ou US<\/li>\n<\/ul>\n<ul class=\"has-text-color wp-block-list\">\n<li class=\"font-weight-400\"><strong>AGILE :\u00a0<\/strong>Vous ne payez que pour la marchandise que vous nous confiez, sans frais de consolidation pour g\u00e9rer les conteneurs vides<\/li>\n<\/ul>\n<ul class=\"has-text-color wp-block-list\">\n<li class=\"font-weight-400\"><strong>OPTIMISE :\u00a0<\/strong>le format palette permet d\u2019optimiser le remplissage de voiliers-cargos pour ainsi mutualiser et de transporter plus de marchandise qu\u2019avec des conteneurs<\/li>\n<\/ul>\n<\/div>\n<\/div>\n                    <\/div>\r\n                <\/div>\r\n            <\/div>\r\n                    <div class=\"faq-question-answer\">\r\n                <div class=\"faq-question\" data-action=\"click-&gt;faq#toggle\">\r\n                    Que se passe-t-il s\u2019il n\u2019y a pas de vent ? La voile est-ce plus lent ?                <\/div>\r\n                <div class=\"faq-answer\">\r\n                    <div class=\"faq-answer-inner\">\r\n                        <div class=\"wp-block-pb-accordion-item c-accordion__item js-accordion-item is-read is-open\" data-initially-open=\"false\" data-click-to-close=\"true\" data-auto-close=\"true\" data-scroll=\"false\" data-scroll-offset=\"0\">\n<div id=\"ac-871\" class=\"c-accordion__content\">\n<p class=\"font-weight-400 has-text-color\">Nous utilisons des techniques de routage m\u00e9t\u00e9o tr\u00e8s pointues pour d\u00e9finir la trajectoire optimale \u00e0 chaque travers\u00e9e. Ceci nous permet d\u2019\u00e9viter les zones sans vent et zones o\u00f9 le vent est trop fort.<\/p>\n<p class=\"font-weight-400 has-text-color\">Ces voiliers-cargos innovants coupl\u00e9s \u00e0 ce routage nous permettent d\u2019\u00eatre plus rapide que les porte conteneurs classiques (d\u00e9.chargement compris) sur la route Bayonne-New-York<\/p>\n<p>&nbsp;<\/p>\n<\/div>\n<\/div>\n                    <\/div>\r\n                <\/div>\r\n            <\/div>\r\n                    <div class=\"faq-question-answer\">\r\n                <div class=\"faq-question\" data-action=\"click-&gt;faq#toggle\">\r\n                    Est-ce plus cher ?                <\/div>\r\n                <div class=\"faq-answer\">\r\n                    <div class=\"faq-answer-inner\">\r\n                        <p class=\"font-weight-400 has-text-color\">Cela d\u00e9pend des types de produits et du plan de palettisation.<\/p>\n<p class=\"font-weight-400 has-text-color\">Nous sommes jusqu\u2019\u00e0 5 fois moins cher que l\u2019a\u00e9rien. Cela d\u00e9pend du taux de fret.<\/p>\n<p class=\"font-weight-400 has-text-color\">Par exemple, pour une bouteille de spiritueux moyenne gamme, le surco\u00fbt repr\u00e9sente quelques dizaines de centimes, en comparaison avec le fret maritime conventionnel<\/p>\n<p class=\"font-weight-400 has-text-color\">Chez VELA, nous pratiquons des prix \u00ab\u00a0justes\u00a0\u00bb pour un transport durable et socialement responsable.<\/p>\n                    <\/div>\r\n                <\/div>\r\n            <\/div>\r\n                    <div class=\"faq-question-answer\">\r\n                <div class=\"faq-question\" data-action=\"click-&gt;faq#toggle\">\r\n                    Les marins de marine marchande sont-ils form\u00e9s \u00e0 la voile ?                <\/div>\r\n                <div class=\"faq-answer\">\r\n                    <div class=\"faq-answer-inner\">\r\n                        <div class=\"page-section-content\">\n<div class=\"acf-innerblocks-container\">\n<div class=\"wp-block-pb-accordion-item c-accordion__item js-accordion-item is-read is-open\" data-initially-open=\"false\" data-click-to-close=\"true\" data-auto-close=\"true\" data-scroll=\"false\" data-scroll-offset=\"0\">\n<h4 id=\"at-874\" class=\"c-accordion__title js-accordion-controller\" tabindex=\"0\" role=\"button\" aria-controls=\"ac-874\" aria-expanded=\"true\"><span style=\"font-size: initial; font-family: Ubuntu, sans-serif;\">Non la marine marchande ne forme pas les marins \u00e0 naviguer sur des voiliers-cargos. Quand les bateaux sont propuls\u00e9s par des voiles il est capital de pr\u00e9voir un compl\u00e9ment de formation. Il n\u2019existe \u00e0 date aucune \u00e9cole de voile marchande pour effectuer ces formations. Chez VELA, nous formerons nos marins en partenariat avec MerConcept sous la direction de Fran\u00e7ois Gabart.<\/span><\/h4>\n<div id=\"ac-874\" class=\"c-accordion__content\">\n<p>&nbsp;<\/p>\n<\/div>\n<\/div>\n<\/div>\n<\/div>\n<div class=\"page-section-images has-background\"><\/div>\n<p>&nbsp;<\/p>\n                    <\/div>\r\n                <\/div>\r\n            <\/div>\r\n            <\/div>\r\n\n\n\n<div style=\"height:70px\" aria-hidden=\"true\" class=\"wp-block-spacer space-type-2\"><\/div>\n\n<\/div>\r\n    <\/div>\r\n<\/div>\r\n\n\n\r\n<div\r\n    id=\"footer-contact\"    class=\"block-section fullwidth full-height  \"\r\n            style=\"background-image: url(https:\/\/vela-transport.com\/wp-content\/uploads\/2025\/03\/bateau_gabartphoto-1.webp);\"\r\n    >\r\n        <div class=\"overlay\" style=\"background-color: rgba(37,57,111,0.2)\"><\/div>\r\n    <div class=\"wrapper\">\r\n        <div class=\"inner-content\">\r\n            <div class=\"acf-innerblocks-container\">\n\n<div style=\"height:20px\" aria-hidden=\"true\" class=\"wp-block-spacer\"><\/div>\n\n\n\n<h3 class=\"wp-block-heading has-text-align-center mb-0 has-ubuntu-font-family\">Vous avez<\/h3>\n\n\n\n<h3 class=\"wp-block-heading has-text-align-center mt-0 has-vela-2-color has-text-color has-link-color wp-elements-c89a8a2e4cfe7ab505071f09b502f037\">une demande?<\/h3>\n\n\n\n<div style=\"height:50px\" aria-hidden=\"true\" class=\"wp-block-spacer space-type-3\"><\/div>\n\n\n\r\n<div\r\n        class=\"block-wrapper blur \"\r\n>\r\n        \r\n    <div class=\"wrapper fullwidth\">\r\n        <div class=\"acf-innerblocks-container\">\n\n<div class=\"forminator-guttenberg\"><div class=\"forminator-ui forminator-custom-form forminator-custom-form-351 forminator-design--material  forminator_ajax\" data-forminator-render=\"0\" data-form=\"forminator-module-351\" data-uid=\"69eb95fb5d3d9\"><br\/><\/div><form\n\t\t\t\tid=\"forminator-module-351\"\n\t\t\t\tclass=\"forminator-ui forminator-custom-form forminator-custom-form-351 forminator-design--material  forminator_ajax\"\n\t\t\t\tmethod=\"post\"\n\t\t\t\tdata-forminator-render=\"0\"\n\t\t\t\tdata-form-id=\"351\"\n\t\t\t\t\n\t\t\t\tdata-design=\"material\"\n\t\t\t\t\n\t\t\t\t\n\t\t\t\t\n\t\t\t\tdata-grid=\"open\"\n\t\t\t\t\n\t\t\t\t\n\t\t\t\tstyle=\"display: none;\"\n\t\t\t\t\n\t\t\t\tdata-uid=\"69eb95fb5d3d9\"\n\t\t\t><div role=\"alert\" aria-live=\"polite\" class=\"forminator-response-message forminator-error\" aria-hidden=\"true\"><\/div><div class=\"forminator-row\"><div id=\"name-1\" class=\"forminator-field-name forminator-col forminator-col-12 \"><div class=\"forminator-field\"><label for=\"forminator-field-name-1_69eb95fb5d3d9\" id=\"forminator-field-name-1_69eb95fb5d3d9-label\" class=\"forminator-label\">Nom \/ Pr\u00e9nom <span class=\"forminator-required\">*<\/span><\/label><input type=\"text\" name=\"name-1\" value=\"\" placeholder=\"\" id=\"forminator-field-name-1_69eb95fb5d3d9\" class=\"forminator-input forminator-name--field\" aria-required=\"true\" \/><\/div><\/div><\/div><div class=\"forminator-row\"><div id=\"email-1\" class=\"forminator-field-email forminator-col forminator-col-6 \"><div class=\"forminator-field\"><label for=\"forminator-field-email-1_69eb95fb5d3d9\" id=\"forminator-field-email-1_69eb95fb5d3d9-label\" class=\"forminator-label\">Email <span class=\"forminator-required\">*<\/span><\/label><input type=\"email\" name=\"email-1\" value=\"\" placeholder=\"\" id=\"forminator-field-email-1_69eb95fb5d3d9\" class=\"forminator-input forminator-email--field\" data-required=\"true\" aria-required=\"true\" \/><\/div><\/div><div id=\"text-1\" class=\"forminator-field-text forminator-col forminator-col-6 \"><div class=\"forminator-field\"><label for=\"forminator-field-text-1_69eb95fb5d3d9\" id=\"forminator-field-text-1_69eb95fb5d3d9-label\" class=\"forminator-label\">Entreprise<\/label><input type=\"text\" name=\"text-1\" value=\"\" placeholder=\"\" id=\"forminator-field-text-1_69eb95fb5d3d9\" class=\"forminator-input forminator-name--field\" data-required=\"\" \/><\/div><\/div><\/div><div class=\"forminator-row\"><div id=\"textarea-1\" class=\"forminator-field-textarea forminator-col forminator-col-12 \"><div class=\"forminator-field\"><label for=\"forminator-field-textarea-1_69eb95fb5d3d9\" id=\"forminator-field-textarea-1_69eb95fb5d3d9-label\" class=\"forminator-label\">Message<\/label><textarea name=\"textarea-1\" placeholder=\"Saisissez votre message\u2026\" id=\"forminator-field-textarea-1_69eb95fb5d3d9\" class=\"forminator-textarea\" rows=\"6\" style=\"min-height:55px;\" ><\/textarea><\/div><\/div><\/div><div class=\"forminator-row\"><div id=\"consent-1\" class=\"forminator-field-consent forminator-col forminator-col-12 \"><div class=\"forminator-field\"><div class=\"forminator-checkbox__wrapper\"><label id=\"forminator-field-consent-1_69eb95fb5d3d9__label\" class=\"forminator-checkbox forminator-consent\" aria-labelledby=\"forminator-field-consent-1_69eb95fb5d3d9-label\" aria-hidden=\"true\"><input type=\"checkbox\" name=\"consent-1\" id=\"forminator-field-consent-1_69eb95fb5d3d9\" value=\"checked\" aria-labelledby=\"forminator-field-consent-1_69eb95fb5d3d9-label\" aria-describedby=\"forminator-field-consent-1_69eb95fb5d3d9__description\" data-required=\"true\" aria-required=\"true\" \/><span class=\"forminator-checkbox-box\" aria-hidden=\"true\"><\/span><\/label><div id=\"forminator-field-consent-1_69eb95fb5d3d9__description\" class=\"forminator-checkbox__label forminator-consent__label\"><p>J'accepte que les informations saisies soient exploit\u00e9es dans le cadre d'une relation commerciale.<\/p><\/div><\/div><\/div><\/div><\/div><input type=\"hidden\" name=\"referer_url\" value=\"\" \/><div class=\"forminator-row forminator-row-last\"><div class=\"forminator-col\"><div class=\"forminator-field\"><button class=\"forminator-button forminator-button-submit\"><span>Contacter VELA<\/span><span aria-hidden=\"true\"><\/span><\/button><\/div><\/div><\/div><input type=\"hidden\" id=\"forminator_nonce\" name=\"forminator_nonce\" value=\"21a283ae17\" \/><input type=\"hidden\" name=\"_wp_http_referer\" value=\"\/fr\/wp-json\/wp\/v2\/pages\/40\" \/><input type=\"hidden\" name=\"form_id\" value=\"351\"><input type=\"hidden\" name=\"page_id\" value=\"40\"><input type=\"hidden\" name=\"form_type\" value=\"default\"><input type=\"hidden\" name=\"current_url\" value=\"https:\/\/vela-transport.com\/fr\/faq\/\"><input type=\"hidden\" name=\"render_id\" value=\"0\"><input type=\"hidden\" name=\"action\" value=\"forminator_submit_form_custom-forms\"><label for=\"input_6\" class=\"forminator-hidden\" aria-hidden=\"true\">Veuillez ne pas remplir ce champ. <input id=\"input_6\" type=\"text\" name=\"input_6\" value=\"\" autocomplete=\"off\"><\/label><\/form><\/div>\n\n<\/div>\r\n    <\/div>\r\n<\/div>\r\n\n\n\n<div style=\"height:50px\" aria-hidden=\"true\" class=\"wp-block-spacer space-type-3\"><\/div>\n\n<\/div>\r\n        <\/div>\r\n    <\/div>\r\n<\/div>\r\n","protected":false},"excerpt":{"rendered":"","protected":false},"author":1,"featured_media":0,"parent":0,"menu_order":0,"comment_status":"closed","ping_status":"closed","template":"","meta":{"_acf_changed":false,"footnotes":""},"class_list":["post-40","page","type-page","status-publish","hentry"],"acf":[],"yoast_head":"<!-- This site is optimized with the Yoast SEO plugin v26.4 - https:\/\/yoast.com\/wordpress\/plugins\/seo\/ -->\n<title>FAQ | VELA \u2014 Foire aux questions sur le transport maritime &amp; fret<\/title>\n<meta name=\"description\" content=\"Le cargo \u00e0 voile VELA : quelles sont les possibilit\u00e9s ? Retrouvez sur la FAQ Vela les r\u00e9ponses aux questions les plus fr\u00e9quentes.\" \/>\n<meta name=\"robots\" content=\"index, follow, max-snippet:-1, max-image-preview:large, max-video-preview:-1\" \/>\n<link rel=\"canonical\" href=\"https:\/\/vela-transport.com\/fr\/faq\/\" \/>\n<meta property=\"og:locale\" content=\"fr_FR\" \/>\n<meta property=\"og:type\" content=\"article\" \/>\n<meta property=\"og:title\" content=\"FAQ | VELA \u2014 Foire aux questions sur le transport maritime &amp; fret\" \/>\n<meta property=\"og:description\" content=\"Le cargo \u00e0 voile VELA : quelles sont les possibilit\u00e9s ? Retrouvez sur la FAQ Vela les r\u00e9ponses aux questions les plus fr\u00e9quentes.\" \/>\n<meta property=\"og:url\" content=\"https:\/\/vela-transport.com\/fr\/faq\/\" \/>\n<meta property=\"og:site_name\" content=\"VELA\" \/>\n<meta property=\"article:modified_time\" content=\"2025-09-30T16:09:33+00:00\" \/>\n<meta name=\"twitter:card\" content=\"summary_large_image\" \/>\n<meta name=\"twitter:label1\" content=\"Dur\u00e9e de lecture estim\u00e9e\" \/>\n\t<meta name=\"twitter:data1\" content=\"1 minute\" \/>\n<script type=\"application\/ld+json\" class=\"yoast-schema-graph\">{\"@context\":\"https:\/\/schema.org\",\"@graph\":[{\"@type\":\"WebPage\",\"@id\":\"https:\/\/vela-transport.com\/fr\/faq\/\",\"url\":\"https:\/\/vela-transport.com\/fr\/faq\/\",\"name\":\"FAQ | VELA \u2014 Foire aux questions sur le transport maritime & fret\",\"isPartOf\":{\"@id\":\"https:\/\/vela-transport.com\/fr\/#website\"},\"datePublished\":\"2025-03-19T12:01:32+00:00\",\"dateModified\":\"2025-09-30T16:09:33+00:00\",\"description\":\"Le cargo \u00e0 voile VELA : quelles sont les possibilit\u00e9s ? Retrouvez sur la FAQ Vela les r\u00e9ponses aux questions les plus fr\u00e9quentes.\",\"breadcrumb\":{\"@id\":\"https:\/\/vela-transport.com\/fr\/faq\/#breadcrumb\"},\"inLanguage\":\"fr-FR\",\"potentialAction\":[{\"@type\":\"ReadAction\",\"target\":[\"https:\/\/vela-transport.com\/fr\/faq\/\"]}]},{\"@type\":\"BreadcrumbList\",\"@id\":\"https:\/\/vela-transport.com\/fr\/faq\/#breadcrumb\",\"itemListElement\":[{\"@type\":\"ListItem\",\"position\":1,\"name\":\"Accueil\",\"item\":\"https:\/\/vela-transport.com\/fr\/\"},{\"@type\":\"ListItem\",\"position\":2,\"name\":\"FAQ\"}]},{\"@type\":\"WebSite\",\"@id\":\"https:\/\/vela-transport.com\/fr\/#website\",\"url\":\"https:\/\/vela-transport.com\/fr\/\",\"name\":\"VELA\",\"description\":\"L\u2019avion des mers\",\"potentialAction\":[{\"@type\":\"SearchAction\",\"target\":{\"@type\":\"EntryPoint\",\"urlTemplate\":\"https:\/\/vela-transport.com\/fr\/?s={search_term_string}\"},\"query-input\":{\"@type\":\"PropertyValueSpecification\",\"valueRequired\":true,\"valueName\":\"search_term_string\"}}],\"inLanguage\":\"fr-FR\"}]}<\/script>\n<!-- \/ Yoast SEO plugin. -->","yoast_head_json":{"title":"FAQ | VELA \u2014 Foire aux questions sur le transport maritime & fret","description":"Le cargo \u00e0 voile VELA : quelles sont les possibilit\u00e9s ? Retrouvez sur la FAQ Vela les r\u00e9ponses aux questions les plus fr\u00e9quentes.","robots":{"index":"index","follow":"follow","max-snippet":"max-snippet:-1","max-image-preview":"max-image-preview:large","max-video-preview":"max-video-preview:-1"},"canonical":"https:\/\/vela-transport.com\/fr\/faq\/","og_locale":"fr_FR","og_type":"article","og_title":"FAQ | VELA \u2014 Foire aux questions sur le transport maritime & fret","og_description":"Le cargo \u00e0 voile VELA : quelles sont les possibilit\u00e9s ? Retrouvez sur la FAQ Vela les r\u00e9ponses aux questions les plus fr\u00e9quentes.","og_url":"https:\/\/vela-transport.com\/fr\/faq\/","og_site_name":"VELA","article_modified_time":"2025-09-30T16:09:33+00:00","twitter_card":"summary_large_image","twitter_misc":{"Dur\u00e9e de lecture estim\u00e9e":"1 minute"},"schema":{"@context":"https:\/\/schema.org","@graph":[{"@type":"WebPage","@id":"https:\/\/vela-transport.com\/fr\/faq\/","url":"https:\/\/vela-transport.com\/fr\/faq\/","name":"FAQ | VELA \u2014 Foire aux questions sur le transport maritime & fret","isPartOf":{"@id":"https:\/\/vela-transport.com\/fr\/#website"},"datePublished":"2025-03-19T12:01:32+00:00","dateModified":"2025-09-30T16:09:33+00:00","description":"Le cargo \u00e0 voile VELA : quelles sont les possibilit\u00e9s ? Retrouvez sur la FAQ Vela les r\u00e9ponses aux questions les plus fr\u00e9quentes.","breadcrumb":{"@id":"https:\/\/vela-transport.com\/fr\/faq\/#breadcrumb"},"inLanguage":"fr-FR","potentialAction":[{"@type":"ReadAction","target":["https:\/\/vela-transport.com\/fr\/faq\/"]}]},{"@type":"BreadcrumbList","@id":"https:\/\/vela-transport.com\/fr\/faq\/#breadcrumb","itemListElement":[{"@type":"ListItem","position":1,"name":"Accueil","item":"https:\/\/vela-transport.com\/fr\/"},{"@type":"ListItem","position":2,"name":"FAQ"}]},{"@type":"WebSite","@id":"https:\/\/vela-transport.com\/fr\/#website","url":"https:\/\/vela-transport.com\/fr\/","name":"VELA","description":"L\u2019avion des mers","potentialAction":[{"@type":"SearchAction","target":{"@type":"EntryPoint","urlTemplate":"https:\/\/vela-transport.com\/fr\/?s={search_term_string}"},"query-input":{"@type":"PropertyValueSpecification","valueRequired":true,"valueName":"search_term_string"}}],"inLanguage":"fr-FR"}]}},"_links":{"self":[{"href":"https:\/\/vela-transport.com\/fr\/wp-json\/wp\/v2\/pages\/40","targetHints":{"allow":["GET"]}}],"collection":[{"href":"https:\/\/vela-transport.com\/fr\/wp-json\/wp\/v2\/pages"}],"about":[{"href":"https:\/\/vela-transport.com\/fr\/wp-json\/wp\/v2\/types\/page"}],"author":[{"embeddable":true,"href":"https:\/\/vela-transport.com\/fr\/wp-json\/wp\/v2\/users\/1"}],"replies":[{"embeddable":true,"href":"https:\/\/vela-transport.com\/fr\/wp-json\/wp\/v2\/comments?post=40"}],"version-history":[{"count":16,"href":"https:\/\/vela-transport.com\/fr\/wp-json\/wp\/v2\/pages\/40\/revisions"}],"predecessor-version":[{"id":1402,"href":"https:\/\/vela-transport.com\/fr\/wp-json\/wp\/v2\/pages\/40\/revisions\/1402"}],"wp:attachment":[{"href":"https:\/\/vela-transport.com\/fr\/wp-json\/wp\/v2\/media?parent=40"}],"curies":[{"name":"wp","href":"https:\/\/api.w.org\/{rel}","templated":true}]}}