{"id":42,"date":"2025-03-19T13:02:11","date_gmt":"2025-03-19T12:02:11","guid":{"rendered":"https:\/\/vela-transport.com\/?page_id=42"},"modified":"2025-05-14T11:52:18","modified_gmt":"2025-05-14T09:52:18","slug":"mentions-legales","status":"publish","type":"page","link":"https:\/\/vela-transport.com\/fr\/mentions-legales\/","title":{"rendered":"Mentions l\u00e9gales"},"content":{"rendered":"\n<div style=\"height:100px\" aria-hidden=\"true\" class=\"wp-block-spacer space-type-1\"><\/div>\n\n\n\r\n<div\r\n        class=\"block-wrapper classic \"\r\n>\r\n        \r\n    <div class=\"wrapper normal\">\r\n        <div class=\"acf-innerblocks-container\">\n\n<h2 class=\"wp-block-heading\">Mentions l\u00e9gales<\/h2>\n\n\n\n<p>En vigueur au 10\/05\/2025 :<\/p>\n\n\n\n<p>Conform\u00e9ment aux dispositions des Articles 6-III et 19 de la Loi n\u00b02004-575 du 21 juin 2004 pour la Confiance dans l\u2019\u00e9conomie num\u00e9rique, dite L.C.E.N., il est port\u00e9 \u00e0 la connaissance des utilisateurs et visiteurs, ci-apr\u00e8s l\u2019&nbsp;\u00bb<strong>Utilisateur<\/strong>\u00ab&nbsp;, du site vela-transport.com , ci-apr\u00e8s le \u00ab&nbsp;<strong>Site<\/strong>\u00ab&nbsp;, les pr\u00e9sentes mentions l\u00e9gales.<\/p>\n\n\n\n<p>La connexion et la navigation sur le Site par l\u2019Utilisateur implique acceptation int\u00e9grale et sans r\u00e9serve des pr\u00e9sentes mentions l\u00e9gales.<\/p>\n\n\n\n<p>Ces derni\u00e8res sont accessibles sur le Site \u00e0 la rubrique \u00ab Mentions l\u00e9gales \u00bb.<\/p>\n\n\n\n<h2 class=\"wp-block-heading\" id=\"font-weight-400\"><strong>ARTICLE 1 \u2013 L\u2019EDITEUR<\/strong><\/h2>\n\n\n\n<p>L\u2019\u00e9dition du Site est assur\u00e9e par SAIL FOR GOODS SAS au capital de 56 867,65 \u20ac euros, immatricul\u00e9e au Registre du Commerce et des Soci\u00e9t\u00e9s de BAYONNE sous le num\u00e9ro 947 456 430 dont le si\u00e8ge social est situ\u00e9 au 1 RUE DE DONZAC, 64100 BAYONNE.<\/p>\n\n\n\n<p>Adresse e-mail : contact@vela-transport.com.<\/p>\n\n\n\n<p>N\u00b0 de TVA intracommunautaire : FR30 947 456 430<\/p>\n\n\n\n<p>Le Directeur de la publication est Pierre-Arnaud Vallon<\/p>\n\n\n\n<p>ci-apr\u00e8s l&rsquo;&nbsp;\u00bb<strong>Editeur<\/strong>\u00ab&nbsp;.<\/p>\n\n\n\n<h2 class=\"wp-block-heading\"><strong>ARTICLE 2 \u2013 L\u2019HEBERGEUR<\/strong><\/h2>\n\n\n\n<p>L\u2019h\u00e9bergeur du Site est la soci\u00e9t\u00e9 GANDI, dont le si\u00e8ge social est situ\u00e9 au 63 BD MASSENA 75013 PARIS, avec le num\u00e9ro de t\u00e9l\u00e9phone : +33 (0) 1 70.37.76.61<\/p>\n\n\n\n<h2 class=\"wp-block-heading\"><strong>ARTICLE 3 \u2013 ACCES AU SITE<\/strong><\/h2>\n\n\n\n<p>Le Site est accessible en tout endroit, 7j\/7, 24h\/24 sauf cas de force majeure, interruption programm\u00e9e ou non et pouvant d\u00e9coulant d\u2019une n\u00e9cessit\u00e9 de maintenance.<\/p>\n\n\n\n<p>En cas de modification, interruption ou suspension du Site, l\u2019Editeur ne saurait \u00eatre tenu responsable.<\/p>\n\n\n\n<h2 class=\"wp-block-heading\"><strong>ARTICLE 4 \u2013 COLLECTE DES DONNEES<\/strong><\/h2>\n\n\n\n<p>Le Site assure \u00e0 l\u2019Utilisateur une collecte et un traitement d\u2019informations personnelles dans le respect de la vie priv\u00e9e conform\u00e9ment \u00e0 la loi n\u00b078-17 du 6 janvier 1978 relative \u00e0 l\u2019informatique, aux fichiers et aux libert\u00e9s.&nbsp;<\/p>\n\n\n\n<p>En vertu de la loi Informatique et Libert\u00e9s, en date du 6 janvier 1978, l\u2019Utilisateur dispose d\u2019un droit d\u2019acc\u00e8s, de rectification, de suppression et d\u2019opposition de ses donn\u00e9es personnelles. L\u2019Utilisateur exerce ce droit : par mail \u00e0 l\u2019adresse email contact@vela-transport.com<\/p>\n\n\n\n<p>Toute utilisation, reproduction, diffusion, commercialisation, modification de toute ou partie du Site, sans autorisation de l\u2019Editeur est prohib\u00e9e et pourra entra\u00een\u00e9e des actions et poursuites judiciaires telles que notamment pr\u00e9vues par le Code de la propri\u00e9t\u00e9 intellectuelle et le Code civil.<\/p>\n\n<\/div>\r\n    <\/div>\r\n<\/div>\r\n","protected":false},"excerpt":{"rendered":"","protected":false},"author":1,"featured_media":0,"parent":0,"menu_order":0,"comment_status":"closed","ping_status":"closed","template":"","meta":{"_acf_changed":false,"footnotes":""},"class_list":["post-42","page","type-page","status-publish","hentry"],"acf":[],"yoast_head":"<!-- This site is optimized with the Yoast SEO plugin v26.4 - https:\/\/yoast.com\/wordpress\/plugins\/seo\/ -->\n<title>Mentions l\u00e9gales - VELA<\/title>\n<meta name=\"description\" content=\"La connexion et la navigation sur le Site par l\u2019Utilisateur implique acceptation int\u00e9grale et sans r\u00e9serve des pr\u00e9sentes mentions l\u00e9gales.\" \/>\n<meta name=\"robots\" content=\"index, follow, max-snippet:-1, max-image-preview:large, max-video-preview:-1\" \/>\n<link rel=\"canonical\" href=\"https:\/\/vela-transport.com\/fr\/mentions-legales\/\" \/>\n<meta property=\"og:locale\" content=\"fr_FR\" \/>\n<meta property=\"og:type\" content=\"article\" \/>\n<meta property=\"og:title\" content=\"Mentions l\u00e9gales - VELA\" \/>\n<meta property=\"og:description\" content=\"La connexion et la navigation sur le Site par l\u2019Utilisateur implique acceptation int\u00e9grale et sans r\u00e9serve des pr\u00e9sentes mentions l\u00e9gales.\" \/>\n<meta property=\"og:url\" content=\"https:\/\/vela-transport.com\/fr\/mentions-legales\/\" \/>\n<meta property=\"og:site_name\" content=\"VELA\" \/>\n<meta property=\"article:modified_time\" content=\"2025-05-14T09:52:18+00:00\" \/>\n<meta name=\"twitter:card\" content=\"summary_large_image\" \/>\n<meta name=\"twitter:label1\" content=\"Dur\u00e9e de lecture estim\u00e9e\" \/>\n\t<meta name=\"twitter:data1\" content=\"2 minutes\" \/>\n<script type=\"application\/ld+json\" class=\"yoast-schema-graph\">{\"@context\":\"https:\/\/schema.org\",\"@graph\":[{\"@type\":\"WebPage\",\"@id\":\"https:\/\/vela-transport.com\/fr\/mentions-legales\/\",\"url\":\"https:\/\/vela-transport.com\/fr\/mentions-legales\/\",\"name\":\"Mentions l\u00e9gales - VELA\",\"isPartOf\":{\"@id\":\"https:\/\/vela-transport.com\/fr\/#website\"},\"datePublished\":\"2025-03-19T12:02:11+00:00\",\"dateModified\":\"2025-05-14T09:52:18+00:00\",\"description\":\"La connexion et la navigation sur le Site par l\u2019Utilisateur implique acceptation int\u00e9grale et sans r\u00e9serve des pr\u00e9sentes mentions l\u00e9gales.\",\"breadcrumb\":{\"@id\":\"https:\/\/vela-transport.com\/fr\/mentions-legales\/#breadcrumb\"},\"inLanguage\":\"fr-FR\",\"potentialAction\":[{\"@type\":\"ReadAction\",\"target\":[\"https:\/\/vela-transport.com\/fr\/mentions-legales\/\"]}]},{\"@type\":\"BreadcrumbList\",\"@id\":\"https:\/\/vela-transport.com\/fr\/mentions-legales\/#breadcrumb\",\"itemListElement\":[{\"@type\":\"ListItem\",\"position\":1,\"name\":\"Accueil\",\"item\":\"https:\/\/vela-transport.com\/fr\/\"},{\"@type\":\"ListItem\",\"position\":2,\"name\":\"Mentions l\u00e9gales\"}]},{\"@type\":\"WebSite\",\"@id\":\"https:\/\/vela-transport.com\/fr\/#website\",\"url\":\"https:\/\/vela-transport.com\/fr\/\",\"name\":\"VELA\",\"description\":\"L\u2019avion des mers\",\"potentialAction\":[{\"@type\":\"SearchAction\",\"target\":{\"@type\":\"EntryPoint\",\"urlTemplate\":\"https:\/\/vela-transport.com\/fr\/?s={search_term_string}\"},\"query-input\":{\"@type\":\"PropertyValueSpecification\",\"valueRequired\":true,\"valueName\":\"search_term_string\"}}],\"inLanguage\":\"fr-FR\"}]}<\/script>\n<!-- \/ Yoast SEO plugin. -->","yoast_head_json":{"title":"Mentions l\u00e9gales - VELA","description":"La connexion et la navigation sur le Site par l\u2019Utilisateur implique acceptation int\u00e9grale et sans r\u00e9serve des pr\u00e9sentes mentions l\u00e9gales.","robots":{"index":"index","follow":"follow","max-snippet":"max-snippet:-1","max-image-preview":"max-image-preview:large","max-video-preview":"max-video-preview:-1"},"canonical":"https:\/\/vela-transport.com\/fr\/mentions-legales\/","og_locale":"fr_FR","og_type":"article","og_title":"Mentions l\u00e9gales - VELA","og_description":"La connexion et la navigation sur le Site par l\u2019Utilisateur implique acceptation int\u00e9grale et sans r\u00e9serve des pr\u00e9sentes mentions l\u00e9gales.","og_url":"https:\/\/vela-transport.com\/fr\/mentions-legales\/","og_site_name":"VELA","article_modified_time":"2025-05-14T09:52:18+00:00","twitter_card":"summary_large_image","twitter_misc":{"Dur\u00e9e de lecture estim\u00e9e":"2 minutes"},"schema":{"@context":"https:\/\/schema.org","@graph":[{"@type":"WebPage","@id":"https:\/\/vela-transport.com\/fr\/mentions-legales\/","url":"https:\/\/vela-transport.com\/fr\/mentions-legales\/","name":"Mentions l\u00e9gales - VELA","isPartOf":{"@id":"https:\/\/vela-transport.com\/fr\/#website"},"datePublished":"2025-03-19T12:02:11+00:00","dateModified":"2025-05-14T09:52:18+00:00","description":"La connexion et la navigation sur le Site par l\u2019Utilisateur implique acceptation int\u00e9grale et sans r\u00e9serve des pr\u00e9sentes mentions l\u00e9gales.","breadcrumb":{"@id":"https:\/\/vela-transport.com\/fr\/mentions-legales\/#breadcrumb"},"inLanguage":"fr-FR","potentialAction":[{"@type":"ReadAction","target":["https:\/\/vela-transport.com\/fr\/mentions-legales\/"]}]},{"@type":"BreadcrumbList","@id":"https:\/\/vela-transport.com\/fr\/mentions-legales\/#breadcrumb","itemListElement":[{"@type":"ListItem","position":1,"name":"Accueil","item":"https:\/\/vela-transport.com\/fr\/"},{"@type":"ListItem","position":2,"name":"Mentions l\u00e9gales"}]},{"@type":"WebSite","@id":"https:\/\/vela-transport.com\/fr\/#website","url":"https:\/\/vela-transport.com\/fr\/","name":"VELA","description":"L\u2019avion des mers","potentialAction":[{"@type":"SearchAction","target":{"@type":"EntryPoint","urlTemplate":"https:\/\/vela-transport.com\/fr\/?s={search_term_string}"},"query-input":{"@type":"PropertyValueSpecification","valueRequired":true,"valueName":"search_term_string"}}],"inLanguage":"fr-FR"}]}},"_links":{"self":[{"href":"https:\/\/vela-transport.com\/fr\/wp-json\/wp\/v2\/pages\/42","targetHints":{"allow":["GET"]}}],"collection":[{"href":"https:\/\/vela-transport.com\/fr\/wp-json\/wp\/v2\/pages"}],"about":[{"href":"https:\/\/vela-transport.com\/fr\/wp-json\/wp\/v2\/types\/page"}],"author":[{"embeddable":true,"href":"https:\/\/vela-transport.com\/fr\/wp-json\/wp\/v2\/users\/1"}],"replies":[{"embeddable":true,"href":"https:\/\/vela-transport.com\/fr\/wp-json\/wp\/v2\/comments?post=42"}],"version-history":[{"count":5,"href":"https:\/\/vela-transport.com\/fr\/wp-json\/wp\/v2\/pages\/42\/revisions"}],"predecessor-version":[{"id":1407,"href":"https:\/\/vela-transport.com\/fr\/wp-json\/wp\/v2\/pages\/42\/revisions\/1407"}],"wp:attachment":[{"href":"https:\/\/vela-transport.com\/fr\/wp-json\/wp\/v2\/media?parent=42"}],"curies":[{"name":"wp","href":"https:\/\/api.w.org\/{rel}","templated":true}]}}