{"id":592,"date":"2025-04-06T16:50:14","date_gmt":"2025-04-06T14:50:14","guid":{"rendered":"https:\/\/vela-transport.com\/?page_id=592"},"modified":"2025-09-30T18:10:49","modified_gmt":"2025-09-30T16:10:49","slug":"presse","status":"publish","type":"page","link":"https:\/\/vela-transport.com\/fr\/presse\/","title":{"rendered":"Presse"},"content":{"rendered":"\r\n<div\r\n        class=\"block-wrapper classic \"\r\n>\r\n        \r\n    <div class=\"wrapper small\">\r\n        <div class=\"acf-innerblocks-container\">\n\n<div style=\"height:100px\" aria-hidden=\"true\" class=\"wp-block-spacer\"><\/div>\n\n\n\n<div class=\"wp-block-columns are-vertically-aligned-center is-layout-flex wp-container-core-columns-is-layout-9d6595d7 wp-block-columns-is-layout-flex\">\n<div class=\"wp-block-column is-vertically-aligned-center is-layout-flow wp-block-column-is-layout-flow\" style=\"flex-basis:40%\">\n<figure class=\"wp-block-image size-large\"><img decoding=\"async\" width=\"1024\" height=\"345\" src=\"https:\/\/vela-transport.com\/wp-content\/uploads\/2025\/09\/Takeda_Pharmaceutical_Company_logo.svg-1-1024x345.png\" alt=\"\" class=\"wp-image-1578\" srcset=\"https:\/\/vela-transport.com\/wp-content\/uploads\/2025\/09\/Takeda_Pharmaceutical_Company_logo.svg-1-1024x345.png 1024w, https:\/\/vela-transport.com\/wp-content\/uploads\/2025\/09\/Takeda_Pharmaceutical_Company_logo.svg-1-630x212.png 630w, https:\/\/vela-transport.com\/wp-content\/uploads\/2025\/09\/Takeda_Pharmaceutical_Company_logo.svg-1-768x259.png 768w, https:\/\/vela-transport.com\/wp-content\/uploads\/2025\/09\/Takeda_Pharmaceutical_Company_logo.svg-1.png 1200w\" sizes=\"(max-width: 1024px) 100vw, 1024px\" \/><\/figure>\n<\/div>\n\n\n\n<div class=\"wp-block-column is-vertically-aligned-center is-layout-flow wp-block-column-is-layout-flow\" style=\"flex-basis:60%\">\n<h2 class=\"wp-block-heading\">Communiqu\u00e9 de Presse<\/h2>\n\n\n\n<h2 class=\"wp-block-heading has-vela-2-color has-text-color has-link-color has-x-large-font-size wp-elements-3f4a25764861168db727ec948f0d1525\"><strong>VELA<\/strong> <strong>x TAKEDA <\/strong><\/h2>\n\n\n\n<div style=\"height:10px\" aria-hidden=\"true\" class=\"wp-block-spacer\"><\/div>\n\n\n\r\n<div class=\"text-initial\" style=\"\">\r\n\r\n    <a href=\"https:\/\/vela-transport.com\/wp-content\/uploads\/2025\/09\/Press-Release-Takeda-Vela-Takeda-FR.pdf\" target=\"_self\" class=\"btn btn-secondary  \">\r\n        Communiqu\u00e9 de Presse (t\u00e9l\u00e9chargement)                    <svg width=\"24\" height=\"24\" viewBox=\"0 0 24 24\" fill=\"none\" xmlns=\"http:\/\/www.w3.org\/2000\/svg\">\n<path d=\"M5 12H19M19 12L13 6M19 12L13 18\" stroke=\"currentColor\" stroke-width=\"1.5\" stroke-linecap=\"round\" stroke-linejoin=\"round\"\/>\n<\/svg>\n            <\/a>\r\n\r\n<\/div>\r\n<\/div>\n<\/div>\n\n\n\n<div style=\"height:100px\" aria-hidden=\"true\" class=\"wp-block-spacer\"><\/div>\n\n<\/div>\r\n    <\/div>\r\n<\/div>\r\n\n\n\r\n<div\r\n        class=\"block-section fullwidth full-height  \"\r\n            style=\"background-image: url(https:\/\/vela-transport.com\/wp-content\/uploads\/2025\/04\/waves.webp);\"\r\n    >\r\n        <div class=\"overlay\" style=\"background-color: rgba(37,57,111,0.2)\"><\/div>\r\n    <div class=\"wrapper\">\r\n        <div class=\"inner-content\">\r\n            <div class=\"acf-innerblocks-container\">\n\n<div style=\"height:20px\" aria-hidden=\"true\" class=\"wp-block-spacer\"><\/div>\n\n\n\n<div style=\"height:70px\" aria-hidden=\"true\" class=\"wp-block-spacer space-type-2\"><\/div>\n\n\n\n<h2 class=\"wp-block-heading has-text-align-left mb-0 has-ubuntu-font-family\">Vous avez<\/h2>\n\n\n\n<h2 class=\"wp-block-heading has-text-align-left mt-0 has-vela-2-color has-text-color has-link-color wp-elements-8dc5467a5801e7bb08081d7a09a5b68b\">une demande presse<\/h2>\n\n\n\n<div style=\"height:50px\" aria-hidden=\"true\" class=\"wp-block-spacer space-type-3\"><\/div>\n\n\n\r\n<div\r\n        class=\"block-wrapper blur \"\r\n>\r\n        \r\n    <div class=\"wrapper fullwidth\">\r\n        <div class=\"acf-innerblocks-container\">\n\n<div class=\"forminator-guttenberg\"><div class=\"forminator-ui forminator-custom-form forminator-custom-form-595 forminator-design--material  forminator_ajax\" data-forminator-render=\"0\" data-form=\"forminator-module-595\" data-uid=\"69e8e05d84c37\"><br\/><\/div><form\n\t\t\t\tid=\"forminator-module-595\"\n\t\t\t\tclass=\"forminator-ui forminator-custom-form forminator-custom-form-595 forminator-design--material  forminator_ajax\"\n\t\t\t\tmethod=\"post\"\n\t\t\t\tdata-forminator-render=\"0\"\n\t\t\t\tdata-form-id=\"595\"\n\t\t\t\t\n\t\t\t\tdata-design=\"material\"\n\t\t\t\t\n\t\t\t\t\n\t\t\t\t\n\t\t\t\tdata-grid=\"open\"\n\t\t\t\t\n\t\t\t\t\n\t\t\t\tstyle=\"display: none;\"\n\t\t\t\t\n\t\t\t\tdata-uid=\"69e8e05d84c37\"\n\t\t\t><div role=\"alert\" aria-live=\"polite\" class=\"forminator-response-message forminator-error\" aria-hidden=\"true\"><\/div><div class=\"forminator-row\"><div id=\"name-1\" class=\"forminator-field-name forminator-col forminator-col-6 \"><div class=\"forminator-field\"><label for=\"forminator-field-name-1_69e8e05d84c37\" id=\"forminator-field-name-1_69e8e05d84c37-label\" class=\"forminator-label\">Nom \/ Pr\u00e9nom <span class=\"forminator-required\">*<\/span><\/label><input type=\"text\" name=\"name-1\" value=\"\" placeholder=\"\" id=\"forminator-field-name-1_69e8e05d84c37\" class=\"forminator-input forminator-name--field\" aria-required=\"true\" \/><\/div><\/div><div id=\"text-1\" class=\"forminator-field-text forminator-col forminator-col-6 \"><div class=\"forminator-field\"><label for=\"forminator-field-text-1_69e8e05d84c37\" id=\"forminator-field-text-1_69e8e05d84c37-label\" class=\"forminator-label\">T\u00e9l\u00e9phone<\/label><input type=\"text\" name=\"text-1\" value=\"\" placeholder=\"\" id=\"forminator-field-text-1_69e8e05d84c37\" class=\"forminator-input forminator-name--field\" data-required=\"\" \/><\/div><\/div><\/div><div class=\"forminator-row\"><div id=\"email-1\" class=\"forminator-field-email forminator-col forminator-col-6 \"><div class=\"forminator-field\"><label for=\"forminator-field-email-1_69e8e05d84c37\" id=\"forminator-field-email-1_69e8e05d84c37-label\" class=\"forminator-label\">Email <span class=\"forminator-required\">*<\/span><\/label><input type=\"email\" name=\"email-1\" value=\"\" placeholder=\"\" id=\"forminator-field-email-1_69e8e05d84c37\" class=\"forminator-input forminator-email--field\" data-required=\"true\" aria-required=\"true\" \/><\/div><\/div><div id=\"text-2\" class=\"forminator-field-text forminator-col forminator-col-6 \"><div class=\"forminator-field\"><label for=\"forminator-field-text-2_69e8e05d84c37\" id=\"forminator-field-text-2_69e8e05d84c37-label\" class=\"forminator-label\">Soci\u00e9t\u00e9<\/label><input type=\"text\" name=\"text-2\" value=\"\" placeholder=\"\" id=\"forminator-field-text-2_69e8e05d84c37\" class=\"forminator-input forminator-name--field\" data-required=\"\" \/><\/div><\/div><\/div><div class=\"forminator-row\"><div id=\"textarea-1\" class=\"forminator-field-textarea forminator-col forminator-col-12 \"><div class=\"forminator-field\"><label for=\"forminator-field-textarea-1_69e8e05d84c37\" id=\"forminator-field-textarea-1_69e8e05d84c37-label\" class=\"forminator-label\">Message<\/label><textarea name=\"textarea-1\" placeholder=\"Saisissez votre message\u2026\" id=\"forminator-field-textarea-1_69e8e05d84c37\" class=\"forminator-textarea\" rows=\"6\" style=\"min-height:55px;\" ><\/textarea><\/div><\/div><\/div><div class=\"forminator-row\"><div id=\"consent-1\" class=\"forminator-field-consent forminator-col forminator-col-12 \"><div class=\"forminator-field\"><div class=\"forminator-checkbox__wrapper\"><label id=\"forminator-field-consent-1_69e8e05d84c37__label\" class=\"forminator-checkbox forminator-consent\" aria-labelledby=\"forminator-field-consent-1_69e8e05d84c37-label\" aria-hidden=\"true\"><input type=\"checkbox\" name=\"consent-1\" id=\"forminator-field-consent-1_69e8e05d84c37\" value=\"checked\" aria-labelledby=\"forminator-field-consent-1_69e8e05d84c37-label\" aria-describedby=\"forminator-field-consent-1_69e8e05d84c37__description\" data-required=\"true\" aria-required=\"true\" \/><span class=\"forminator-checkbox-box\" aria-hidden=\"true\"><\/span><\/label><div id=\"forminator-field-consent-1_69e8e05d84c37__description\" class=\"forminator-checkbox__label forminator-consent__label\"><p>J'accepte que les informations saisies soient exploit\u00e9es dans le cadre d'une relation commerciale.<\/p><\/div><\/div><\/div><\/div><\/div><input type=\"hidden\" name=\"referer_url\" value=\"\" \/><div class=\"forminator-row forminator-row-last\"><div class=\"forminator-col\"><div class=\"forminator-field\"><button class=\"forminator-button forminator-button-submit\"><span>Recevoir le dossier Presse<\/span><span aria-hidden=\"true\"><\/span><\/button><\/div><\/div><\/div><input type=\"hidden\" id=\"forminator_nonce\" name=\"forminator_nonce\" value=\"4086721ba4\" \/><input type=\"hidden\" name=\"_wp_http_referer\" value=\"\/fr\/wp-json\/wp\/v2\/pages\/592\" \/><input type=\"hidden\" name=\"form_id\" value=\"595\"><input type=\"hidden\" name=\"page_id\" value=\"592\"><input type=\"hidden\" name=\"form_type\" value=\"default\"><input type=\"hidden\" name=\"current_url\" value=\"https:\/\/vela-transport.com\/fr\/presse\/\"><input type=\"hidden\" name=\"render_id\" value=\"0\"><input type=\"hidden\" name=\"action\" value=\"forminator_submit_form_custom-forms\"><label for=\"input_7\" class=\"forminator-hidden\" aria-hidden=\"true\">Veuillez ne pas remplir ce champ. <input id=\"input_7\" type=\"text\" name=\"input_7\" value=\"\" autocomplete=\"off\"><\/label><\/form><\/div>\n\n<\/div>\r\n    <\/div>\r\n<\/div>\r\n\n\n\n<div style=\"height:50px\" aria-hidden=\"true\" class=\"wp-block-spacer space-type-3\"><\/div>\n\n<\/div>\r\n        <\/div>\r\n    <\/div>\r\n<\/div>\r\n","protected":false},"excerpt":{"rendered":"","protected":false},"author":1,"featured_media":0,"parent":0,"menu_order":0,"comment_status":"closed","ping_status":"closed","template":"","meta":{"_acf_changed":false,"footnotes":""},"class_list":["post-592","page","type-page","status-publish","hentry"],"acf":[],"yoast_head":"<!-- This site is optimized with the Yoast SEO plugin v26.4 - https:\/\/yoast.com\/wordpress\/plugins\/seo\/ -->\n<title>Presse | VELA \u2014 Communiqu\u00e9s &amp; actualit\u00e9s du transport maritime<\/title>\n<meta name=\"description\" content=\"Pour toute demande presse, veuillez remplir ce formulaire de contact, et recevez le dossier de presse de Vela\" \/>\n<meta name=\"robots\" content=\"index, follow, max-snippet:-1, max-image-preview:large, max-video-preview:-1\" \/>\n<link rel=\"canonical\" href=\"https:\/\/vela-transport.com\/fr\/presse\/\" \/>\n<meta property=\"og:locale\" content=\"fr_FR\" \/>\n<meta property=\"og:type\" content=\"article\" \/>\n<meta property=\"og:title\" content=\"Presse | VELA \u2014 Communiqu\u00e9s &amp; actualit\u00e9s du transport maritime\" \/>\n<meta property=\"og:description\" content=\"Pour toute demande presse, veuillez remplir ce formulaire de contact, et recevez le dossier de presse de Vela\" \/>\n<meta property=\"og:url\" content=\"https:\/\/vela-transport.com\/fr\/presse\/\" \/>\n<meta property=\"og:site_name\" content=\"VELA\" \/>\n<meta property=\"article:modified_time\" content=\"2025-09-30T16:10:49+00:00\" \/>\n<meta property=\"og:image\" content=\"https:\/\/vela-transport.com\/wp-content\/uploads\/2025\/09\/Takeda_Pharmaceutical_Company_logo.svg-1.png\" \/>\n\t<meta property=\"og:image:width\" content=\"1200\" \/>\n\t<meta property=\"og:image:height\" content=\"404\" \/>\n\t<meta property=\"og:image:type\" content=\"image\/png\" \/>\n<meta name=\"twitter:card\" content=\"summary_large_image\" \/>\n<meta name=\"twitter:label1\" content=\"Dur\u00e9e de lecture estim\u00e9e\" \/>\n\t<meta name=\"twitter:data1\" content=\"2 minutes\" \/>\n<script type=\"application\/ld+json\" class=\"yoast-schema-graph\">{\"@context\":\"https:\/\/schema.org\",\"@graph\":[{\"@type\":\"WebPage\",\"@id\":\"https:\/\/vela-transport.com\/fr\/presse\/\",\"url\":\"https:\/\/vela-transport.com\/fr\/presse\/\",\"name\":\"Presse | VELA \u2014 Communiqu\u00e9s & actualit\u00e9s du transport maritime\",\"isPartOf\":{\"@id\":\"https:\/\/vela-transport.com\/fr\/#website\"},\"primaryImageOfPage\":{\"@id\":\"https:\/\/vela-transport.com\/fr\/presse\/#primaryimage\"},\"image\":{\"@id\":\"https:\/\/vela-transport.com\/fr\/presse\/#primaryimage\"},\"thumbnailUrl\":\"https:\/\/vela-transport.com\/wp-content\/uploads\/2025\/09\/Takeda_Pharmaceutical_Company_logo.svg-1-1024x345.png\",\"datePublished\":\"2025-04-06T14:50:14+00:00\",\"dateModified\":\"2025-09-30T16:10:49+00:00\",\"description\":\"Pour toute demande presse, veuillez remplir ce formulaire de contact, et recevez le dossier de presse de Vela\",\"breadcrumb\":{\"@id\":\"https:\/\/vela-transport.com\/fr\/presse\/#breadcrumb\"},\"inLanguage\":\"fr-FR\",\"potentialAction\":[{\"@type\":\"ReadAction\",\"target\":[\"https:\/\/vela-transport.com\/fr\/presse\/\"]}]},{\"@type\":\"ImageObject\",\"inLanguage\":\"fr-FR\",\"@id\":\"https:\/\/vela-transport.com\/fr\/presse\/#primaryimage\",\"url\":\"https:\/\/vela-transport.com\/wp-content\/uploads\/2025\/09\/Takeda_Pharmaceutical_Company_logo.svg-1-1024x345.png\",\"contentUrl\":\"https:\/\/vela-transport.com\/wp-content\/uploads\/2025\/09\/Takeda_Pharmaceutical_Company_logo.svg-1-1024x345.png\"},{\"@type\":\"BreadcrumbList\",\"@id\":\"https:\/\/vela-transport.com\/fr\/presse\/#breadcrumb\",\"itemListElement\":[{\"@type\":\"ListItem\",\"position\":1,\"name\":\"Accueil\",\"item\":\"https:\/\/vela-transport.com\/fr\/\"},{\"@type\":\"ListItem\",\"position\":2,\"name\":\"Presse\"}]},{\"@type\":\"WebSite\",\"@id\":\"https:\/\/vela-transport.com\/fr\/#website\",\"url\":\"https:\/\/vela-transport.com\/fr\/\",\"name\":\"VELA\",\"description\":\"L\u2019avion des mers\",\"potentialAction\":[{\"@type\":\"SearchAction\",\"target\":{\"@type\":\"EntryPoint\",\"urlTemplate\":\"https:\/\/vela-transport.com\/fr\/?s={search_term_string}\"},\"query-input\":{\"@type\":\"PropertyValueSpecification\",\"valueRequired\":true,\"valueName\":\"search_term_string\"}}],\"inLanguage\":\"fr-FR\"}]}<\/script>\n<!-- \/ Yoast SEO plugin. -->","yoast_head_json":{"title":"Presse | VELA \u2014 Communiqu\u00e9s & actualit\u00e9s du transport maritime","description":"Pour toute demande presse, veuillez remplir ce formulaire de contact, et recevez le dossier de presse de Vela","robots":{"index":"index","follow":"follow","max-snippet":"max-snippet:-1","max-image-preview":"max-image-preview:large","max-video-preview":"max-video-preview:-1"},"canonical":"https:\/\/vela-transport.com\/fr\/presse\/","og_locale":"fr_FR","og_type":"article","og_title":"Presse | VELA \u2014 Communiqu\u00e9s & actualit\u00e9s du transport maritime","og_description":"Pour toute demande presse, veuillez remplir ce formulaire de contact, et recevez le dossier de presse de Vela","og_url":"https:\/\/vela-transport.com\/fr\/presse\/","og_site_name":"VELA","article_modified_time":"2025-09-30T16:10:49+00:00","og_image":[{"width":1200,"height":404,"url":"https:\/\/vela-transport.com\/wp-content\/uploads\/2025\/09\/Takeda_Pharmaceutical_Company_logo.svg-1.png","type":"image\/png"}],"twitter_card":"summary_large_image","twitter_misc":{"Dur\u00e9e de lecture estim\u00e9e":"2 minutes"},"schema":{"@context":"https:\/\/schema.org","@graph":[{"@type":"WebPage","@id":"https:\/\/vela-transport.com\/fr\/presse\/","url":"https:\/\/vela-transport.com\/fr\/presse\/","name":"Presse | VELA \u2014 Communiqu\u00e9s & actualit\u00e9s du transport maritime","isPartOf":{"@id":"https:\/\/vela-transport.com\/fr\/#website"},"primaryImageOfPage":{"@id":"https:\/\/vela-transport.com\/fr\/presse\/#primaryimage"},"image":{"@id":"https:\/\/vela-transport.com\/fr\/presse\/#primaryimage"},"thumbnailUrl":"https:\/\/vela-transport.com\/wp-content\/uploads\/2025\/09\/Takeda_Pharmaceutical_Company_logo.svg-1-1024x345.png","datePublished":"2025-04-06T14:50:14+00:00","dateModified":"2025-09-30T16:10:49+00:00","description":"Pour toute demande presse, veuillez remplir ce formulaire de contact, et recevez le dossier de presse de Vela","breadcrumb":{"@id":"https:\/\/vela-transport.com\/fr\/presse\/#breadcrumb"},"inLanguage":"fr-FR","potentialAction":[{"@type":"ReadAction","target":["https:\/\/vela-transport.com\/fr\/presse\/"]}]},{"@type":"ImageObject","inLanguage":"fr-FR","@id":"https:\/\/vela-transport.com\/fr\/presse\/#primaryimage","url":"https:\/\/vela-transport.com\/wp-content\/uploads\/2025\/09\/Takeda_Pharmaceutical_Company_logo.svg-1-1024x345.png","contentUrl":"https:\/\/vela-transport.com\/wp-content\/uploads\/2025\/09\/Takeda_Pharmaceutical_Company_logo.svg-1-1024x345.png"},{"@type":"BreadcrumbList","@id":"https:\/\/vela-transport.com\/fr\/presse\/#breadcrumb","itemListElement":[{"@type":"ListItem","position":1,"name":"Accueil","item":"https:\/\/vela-transport.com\/fr\/"},{"@type":"ListItem","position":2,"name":"Presse"}]},{"@type":"WebSite","@id":"https:\/\/vela-transport.com\/fr\/#website","url":"https:\/\/vela-transport.com\/fr\/","name":"VELA","description":"L\u2019avion des mers","potentialAction":[{"@type":"SearchAction","target":{"@type":"EntryPoint","urlTemplate":"https:\/\/vela-transport.com\/fr\/?s={search_term_string}"},"query-input":{"@type":"PropertyValueSpecification","valueRequired":true,"valueName":"search_term_string"}}],"inLanguage":"fr-FR"}]}},"_links":{"self":[{"href":"https:\/\/vela-transport.com\/fr\/wp-json\/wp\/v2\/pages\/592","targetHints":{"allow":["GET"]}}],"collection":[{"href":"https:\/\/vela-transport.com\/fr\/wp-json\/wp\/v2\/pages"}],"about":[{"href":"https:\/\/vela-transport.com\/fr\/wp-json\/wp\/v2\/types\/page"}],"author":[{"embeddable":true,"href":"https:\/\/vela-transport.com\/fr\/wp-json\/wp\/v2\/users\/1"}],"replies":[{"embeddable":true,"href":"https:\/\/vela-transport.com\/fr\/wp-json\/wp\/v2\/comments?post=592"}],"version-history":[{"count":6,"href":"https:\/\/vela-transport.com\/fr\/wp-json\/wp\/v2\/pages\/592\/revisions"}],"predecessor-version":[{"id":1593,"href":"https:\/\/vela-transport.com\/fr\/wp-json\/wp\/v2\/pages\/592\/revisions\/1593"}],"wp:attachment":[{"href":"https:\/\/vela-transport.com\/fr\/wp-json\/wp\/v2\/media?parent=592"}],"curies":[{"name":"wp","href":"https:\/\/api.w.org\/{rel}","templated":true}]}}