{"id":746,"date":"2025-04-08T14:14:20","date_gmt":"2025-04-08T12:14:20","guid":{"rendered":"https:\/\/vela-transport.com\/?page_id=746"},"modified":"2025-11-30T16:07:17","modified_gmt":"2025-11-30T15:07:17","slug":"espace-client","status":"publish","type":"page","link":"https:\/\/vela-transport.com\/fr\/espace-client\/","title":{"rendered":"Espace client"},"content":{"rendered":"\r\n<div\r\n        class=\"block-section fullwidth full-height  \"\r\n            style=\"background-image: url(https:\/\/vela-transport.com\/wp-content\/uploads\/2025\/04\/waves.webp);\"\r\n    >\r\n        <div class=\"overlay\" style=\"background-color: rgba(37,57,111,0.2)\"><\/div>\r\n    <div class=\"wrapper\">\r\n        <div class=\"inner-content\">\r\n            <div class=\"acf-innerblocks-container\">\n\n<div style=\"height:20px\" aria-hidden=\"true\" class=\"wp-block-spacer\"><\/div>\n\n\n\n<div style=\"height:70px\" aria-hidden=\"true\" class=\"wp-block-spacer space-type-2\"><\/div>\n\n\n\n<h2 class=\"wp-block-heading has-text-align-left mb-0 has-ubuntu-font-family\">Connectez-vous<\/h2>\n\n\n\n<h2 class=\"wp-block-heading has-text-align-left mt-0 has-vela-2-color has-text-color has-link-color wp-elements-742225e3902ae7baf6ece360a8b34fb5\">\u00e0 votre espace client<\/h2>\n\n\n\n<div style=\"height:50px\" aria-hidden=\"true\" class=\"wp-block-spacer space-type-3\"><\/div>\n\n\n\n<div class=\"wp-block-columns is-layout-flex wp-container-core-columns-is-layout-9d6595d7 wp-block-columns-is-layout-flex\">\n<div class=\"wp-block-column is-layout-flow wp-block-column-is-layout-flow\">\r\n<div\r\n        class=\"block-wrapper blur \"\r\n>\r\n        \r\n    <div class=\"wrapper fullwidth\">\r\n        <div class=\"acf-innerblocks-container\">\n\n<div class=\"forminator-guttenberg\">\n    <form id=\"forminator-module-100540\" class=\"forminator-ui forminator-custom-form forminator-custom-form-351 forminator-design--material  forminator_ajax\" method=\"post\" data-forminator-render=\"0\" data-form-id=\"351\" data-design=\"material\" data-grid=\"open\" style=\"\" data-uid=\"67f51349941ff\" novalidate=\"novalidate\" data-np-autofill-form-type=\"identity\" data-np-checked=\"1\" data-np-watching=\"1\">\n        <div role=\"alert\" aria-live=\"polite\" class=\"forminator-response-message forminator-error\" aria-hidden=\"true\"><\/div>\n        <div class=\"\">\n            <div id=\"name-1\" class=\"forminator-field-name forminator-col forminator-col-6 \" style=\"\n            padding: 0;\n            \">\n                <div class=\"forminator-field forminator-has_error\">\n                    <div class=\"forminator-input--wrap\">\n                        <input type=\"text\" name=\"email\" value=\"\" placeholder=\"Email\" class=\"forminator-input forminator-name--field\" aria-required=\"true\" data-np-uid=\"73597d48-5635-4b85-a71d-a020a2d405a1\" aria-describedby=\"forminator-field-name-1_67f51349941ff-error\" aria-invalid=\"true\" data-np-autofill-field-type=\"lastName\">\n\n                    <\/div>\n                <\/div>\n            <\/div>\n            <div id=\"name-2\" class=\"forminator-field-name forminator-col forminator-col-6 \" style=\"\n            padding: 0;\n            \">\n                <div class=\"forminator-field\">\n                    <div class=\"forminator-input--wrap\">\n                        <input type=\"password\" placeholder=\"Mot de passe\" name=\"name-2\" value=\"\" class=\"forminator-input forminator-name--field\" aria-required=\"true\" data-np-uid=\"45560646-dbae-4a55-905f-cf72ad2ecf34\" data-np-autofill-field-type=\"firstName\">\n\n                    <\/div>\n                <\/div>\n            <\/div>\n        <\/div>\n        <div class=\"forminator-row forminator-row-last mt-2\">\n            <div class=\"forminator-col\">\n                <div class=\"forminator-field\"><button class=\"forminator-button forminator-button-submit\"><span>Je me connecte \u00e0 mon espace<\/span><\/button><\/div>\n            <\/div>\n        <\/div>\n    <\/form>\n<\/div>\n\n<\/div>\r\n    <\/div>\r\n<\/div>\r\n<\/div>\n\n\n\n<div class=\"wp-block-column is-layout-flow wp-block-column-is-layout-flow\"><\/div>\n<\/div>\n\n\n\n<div style=\"height:50px\" aria-hidden=\"true\" class=\"wp-block-spacer space-type-3\"><\/div>\n\n<\/div>\r\n        <\/div>\r\n    <\/div>\r\n<\/div>\r\n","protected":false},"excerpt":{"rendered":"","protected":false},"author":1,"featured_media":0,"parent":0,"menu_order":0,"comment_status":"closed","ping_status":"closed","template":"","meta":{"_acf_changed":false,"footnotes":""},"class_list":["post-746","page","type-page","status-publish","hentry"],"acf":[],"yoast_head":"<!-- This site is optimized with the Yoast SEO plugin v26.4 - https:\/\/yoast.com\/wordpress\/plugins\/seo\/ -->\n<title>VELA \u2013 Espace client<\/title>\n<meta name=\"description\" content=\"Connectez-vous \u00e0 l\u2019espace client VELA pour acc\u00e9der \u00e0 vos documents, suivre vos commandes et g\u00e9rer vos services de transport maritime.\" \/>\n<meta name=\"robots\" content=\"index, follow, max-snippet:-1, max-image-preview:large, max-video-preview:-1\" \/>\n<link rel=\"canonical\" href=\"https:\/\/vela-transport.com\/fr\/espace-client\/\" \/>\n<meta property=\"og:locale\" content=\"fr_FR\" \/>\n<meta property=\"og:type\" content=\"article\" \/>\n<meta property=\"og:title\" content=\"VELA \u2013 Espace client\" \/>\n<meta property=\"og:description\" content=\"Connectez-vous \u00e0 l\u2019espace client VELA pour acc\u00e9der \u00e0 vos documents, suivre vos commandes et g\u00e9rer vos services de transport maritime.\" \/>\n<meta property=\"og:url\" content=\"https:\/\/vela-transport.com\/fr\/espace-client\/\" \/>\n<meta property=\"og:site_name\" content=\"VELA\" \/>\n<meta property=\"article:modified_time\" content=\"2025-11-30T15:07:17+00:00\" \/>\n<meta name=\"twitter:card\" content=\"summary_large_image\" \/>\n<meta name=\"twitter:label1\" content=\"Dur\u00e9e de lecture estim\u00e9e\" \/>\n\t<meta name=\"twitter:data1\" content=\"1 minute\" \/>\n<script type=\"application\/ld+json\" class=\"yoast-schema-graph\">{\"@context\":\"https:\/\/schema.org\",\"@graph\":[{\"@type\":\"WebPage\",\"@id\":\"https:\/\/vela-transport.com\/fr\/espace-client\/\",\"url\":\"https:\/\/vela-transport.com\/fr\/espace-client\/\",\"name\":\"VELA \u2013 Espace client\",\"isPartOf\":{\"@id\":\"https:\/\/vela-transport.com\/fr\/#website\"},\"datePublished\":\"2025-04-08T12:14:20+00:00\",\"dateModified\":\"2025-11-30T15:07:17+00:00\",\"description\":\"Connectez-vous \u00e0 l\u2019espace client VELA pour acc\u00e9der \u00e0 vos documents, suivre vos commandes et g\u00e9rer vos services de transport maritime.\",\"breadcrumb\":{\"@id\":\"https:\/\/vela-transport.com\/fr\/espace-client\/#breadcrumb\"},\"inLanguage\":\"fr-FR\",\"potentialAction\":[{\"@type\":\"ReadAction\",\"target\":[\"https:\/\/vela-transport.com\/fr\/espace-client\/\"]}]},{\"@type\":\"BreadcrumbList\",\"@id\":\"https:\/\/vela-transport.com\/fr\/espace-client\/#breadcrumb\",\"itemListElement\":[{\"@type\":\"ListItem\",\"position\":1,\"name\":\"Accueil\",\"item\":\"https:\/\/vela-transport.com\/fr\/\"},{\"@type\":\"ListItem\",\"position\":2,\"name\":\"Espace client\"}]},{\"@type\":\"WebSite\",\"@id\":\"https:\/\/vela-transport.com\/fr\/#website\",\"url\":\"https:\/\/vela-transport.com\/fr\/\",\"name\":\"VELA\",\"description\":\"L\u2019avion des mers\",\"potentialAction\":[{\"@type\":\"SearchAction\",\"target\":{\"@type\":\"EntryPoint\",\"urlTemplate\":\"https:\/\/vela-transport.com\/fr\/?s={search_term_string}\"},\"query-input\":{\"@type\":\"PropertyValueSpecification\",\"valueRequired\":true,\"valueName\":\"search_term_string\"}}],\"inLanguage\":\"fr-FR\"}]}<\/script>\n<!-- \/ Yoast SEO plugin. -->","yoast_head_json":{"title":"VELA \u2013 Espace client","description":"Connectez-vous \u00e0 l\u2019espace client VELA pour acc\u00e9der \u00e0 vos documents, suivre vos commandes et g\u00e9rer vos services de transport maritime.","robots":{"index":"index","follow":"follow","max-snippet":"max-snippet:-1","max-image-preview":"max-image-preview:large","max-video-preview":"max-video-preview:-1"},"canonical":"https:\/\/vela-transport.com\/fr\/espace-client\/","og_locale":"fr_FR","og_type":"article","og_title":"VELA \u2013 Espace client","og_description":"Connectez-vous \u00e0 l\u2019espace client VELA pour acc\u00e9der \u00e0 vos documents, suivre vos commandes et g\u00e9rer vos services de transport maritime.","og_url":"https:\/\/vela-transport.com\/fr\/espace-client\/","og_site_name":"VELA","article_modified_time":"2025-11-30T15:07:17+00:00","twitter_card":"summary_large_image","twitter_misc":{"Dur\u00e9e de lecture estim\u00e9e":"1 minute"},"schema":{"@context":"https:\/\/schema.org","@graph":[{"@type":"WebPage","@id":"https:\/\/vela-transport.com\/fr\/espace-client\/","url":"https:\/\/vela-transport.com\/fr\/espace-client\/","name":"VELA \u2013 Espace client","isPartOf":{"@id":"https:\/\/vela-transport.com\/fr\/#website"},"datePublished":"2025-04-08T12:14:20+00:00","dateModified":"2025-11-30T15:07:17+00:00","description":"Connectez-vous \u00e0 l\u2019espace client VELA pour acc\u00e9der \u00e0 vos documents, suivre vos commandes et g\u00e9rer vos services de transport maritime.","breadcrumb":{"@id":"https:\/\/vela-transport.com\/fr\/espace-client\/#breadcrumb"},"inLanguage":"fr-FR","potentialAction":[{"@type":"ReadAction","target":["https:\/\/vela-transport.com\/fr\/espace-client\/"]}]},{"@type":"BreadcrumbList","@id":"https:\/\/vela-transport.com\/fr\/espace-client\/#breadcrumb","itemListElement":[{"@type":"ListItem","position":1,"name":"Accueil","item":"https:\/\/vela-transport.com\/fr\/"},{"@type":"ListItem","position":2,"name":"Espace client"}]},{"@type":"WebSite","@id":"https:\/\/vela-transport.com\/fr\/#website","url":"https:\/\/vela-transport.com\/fr\/","name":"VELA","description":"L\u2019avion des mers","potentialAction":[{"@type":"SearchAction","target":{"@type":"EntryPoint","urlTemplate":"https:\/\/vela-transport.com\/fr\/?s={search_term_string}"},"query-input":{"@type":"PropertyValueSpecification","valueRequired":true,"valueName":"search_term_string"}}],"inLanguage":"fr-FR"}]}},"_links":{"self":[{"href":"https:\/\/vela-transport.com\/fr\/wp-json\/wp\/v2\/pages\/746","targetHints":{"allow":["GET"]}}],"collection":[{"href":"https:\/\/vela-transport.com\/fr\/wp-json\/wp\/v2\/pages"}],"about":[{"href":"https:\/\/vela-transport.com\/fr\/wp-json\/wp\/v2\/types\/page"}],"author":[{"embeddable":true,"href":"https:\/\/vela-transport.com\/fr\/wp-json\/wp\/v2\/users\/1"}],"replies":[{"embeddable":true,"href":"https:\/\/vela-transport.com\/fr\/wp-json\/wp\/v2\/comments?post=746"}],"version-history":[{"count":6,"href":"https:\/\/vela-transport.com\/fr\/wp-json\/wp\/v2\/pages\/746\/revisions"}],"predecessor-version":[{"id":849,"href":"https:\/\/vela-transport.com\/fr\/wp-json\/wp\/v2\/pages\/746\/revisions\/849"}],"wp:attachment":[{"href":"https:\/\/vela-transport.com\/fr\/wp-json\/wp\/v2\/media?parent=746"}],"curies":[{"name":"wp","href":"https:\/\/api.w.org\/{rel}","templated":true}]}}